{"id":8093,"date":"2022-02-21T13:34:23","date_gmt":"2022-02-21T11:34:23","guid":{"rendered":"http:\/\/ri.uvt.ro\/les-bourses-de-doctorat-et-de-post-doctorat-eugen-ionescu\/"},"modified":"2025-10-11T21:16:50","modified_gmt":"2025-10-11T19:16:50","slug":"les-bourses-de-doctorat-et-de-post-doctorat-eugen-ionescu","status":"publish","type":"page","link":"http:\/\/ri.uvt.ro\/fr\/les-bourses-de-doctorat-et-de-post-doctorat-eugen-ionescu\/","title":{"rendered":"Les bourses de doctorat et de post-doctorat \u00ab\u00a0Eugen Ionescu\u00a0\u00bb."},"content":{"rendered":"\t\t<div data-elementor-type=\"wp-page\" data-elementor-id=\"8093\" class=\"elementor elementor-8093 elementor-71\" data-elementor-post-type=\"page\">\n\t\t\t\t\t\t<section class=\"elementor-section elementor-top-section elementor-element elementor-element-ce957d5 elementor-section-boxed elementor-section-height-default elementor-section-height-default\" data-id=\"ce957d5\" data-element_type=\"section\">\n\t\t\t\t\t\t<div class=\"elementor-container elementor-column-gap-default\">\n\t\t\t\t\t<div class=\"elementor-column elementor-col-100 elementor-top-column elementor-element elementor-element-ffe35af\" data-id=\"ffe35af\" data-element_type=\"column\">\n\t\t\t<div class=\"elementor-widget-wrap elementor-element-populated\">\n\t\t\t\t\t\t<div class=\"elementor-element elementor-element-629a9ea elementor-widget elementor-widget-heading\" data-id=\"629a9ea\" data-element_type=\"widget\" data-widget_type=\"heading.default\">\n\t\t\t\t<div class=\"elementor-widget-container\">\n\t\t\t\t\t<h2 class=\"elementor-heading-title elementor-size-default\">Les bourses de doctorat et de post-doctorat \"Eugen Ionescu\".<\/h2>\t\t\t\t<\/div>\n\t\t\t\t<\/div>\n\t\t\t\t<div class=\"elementor-element elementor-element-17abc71 elementor-widget-divider--view-line elementor-widget elementor-widget-divider\" data-id=\"17abc71\" data-element_type=\"widget\" data-widget_type=\"divider.default\">\n\t\t\t\t<div class=\"elementor-widget-container\">\n\t\t\t\t\t\t\t<div class=\"elementor-divider\">\n\t\t\t<span class=\"elementor-divider-separator\">\n\t\t\t\t\t\t<\/span>\n\t\t<\/div>\n\t\t\t\t\t\t<\/div>\n\t\t\t\t<\/div>\n\t\t\t\t\t<\/div>\n\t\t<\/div>\n\t\t\t\t\t<\/div>\n\t\t<\/section>\n\t\t\t\t<section class=\"elementor-section elementor-top-section elementor-element elementor-element-495d623 elementor-section-boxed elementor-section-height-default elementor-section-height-default\" data-id=\"495d623\" data-element_type=\"section\">\n\t\t\t\t\t\t<div class=\"elementor-container elementor-column-gap-default\">\n\t\t\t\t\t<div class=\"elementor-column elementor-col-100 elementor-top-column elementor-element elementor-element-07f8b84\" data-id=\"07f8b84\" data-element_type=\"column\">\n\t\t\t<div class=\"elementor-widget-wrap elementor-element-populated\">\n\t\t\t\t\t\t<div class=\"elementor-element elementor-element-6ab3b5c elementor-widget elementor-widget-text-editor\" data-id=\"6ab3b5c\" data-element_type=\"widget\" data-widget_type=\"text-editor.default\">\n\t\t\t\t<div class=\"elementor-widget-container\">\n\t\t\t\t\t\t\t\t\t<p>Le programme de bourses \u00ab\u00a0Eugen Ionescu\u00a0\u00bb permet aux doctorants et post-doctorants des universit\u00e9s des pays membres ou observateurs de l&rsquo;OIF (Organisation Internationale de la Francophonie) et de l&rsquo;Alg\u00e9rie de b\u00e9n\u00e9ficier d&rsquo;un stage de recherche de 3 mois en Roumanie, dans l&rsquo;une des 28 universit\u00e9s membres de l&rsquo;AUF.<\/p>\n<p>Pour en savoir plus sur l&rsquo;offre de l&rsquo;AUF, veuillez consulter le lien suivant: <a href=\"https:\/\/www.auf.org\/\">https:\/\/www.auf.org\/<\/a><\/p>\n\t\t\t\t\t\t\t\t<\/div>\n\t\t\t\t<\/div>\n\t\t\t\t\t<\/div>\n\t\t<\/div>\n\t\t\t\t\t<\/div>\n\t\t<\/section>\n\t\t\t\t<section class=\"elementor-section elementor-top-section elementor-element elementor-element-eb87f51 elementor-section-boxed elementor-section-height-default elementor-section-height-default\" data-id=\"eb87f51\" data-element_type=\"section\">\n\t\t\t\t\t\t<div class=\"elementor-container elementor-column-gap-default\">\n\t\t\t\t\t<div class=\"elementor-column elementor-col-100 elementor-top-column elementor-element elementor-element-e595f7d\" data-id=\"e595f7d\" data-element_type=\"column\">\n\t\t\t<div class=\"elementor-widget-wrap elementor-element-populated\">\n\t\t\t\t\t\t<div class=\"elementor-element elementor-element-b37c697 elementor-widget elementor-widget-text-editor\" data-id=\"b37c697\" data-element_type=\"widget\" data-widget_type=\"text-editor.default\">\n\t\t\t\t<div class=\"elementor-widget-container\">\n\t\t\t\t\t\t\t\t\t<p><strong>Contact: Alex-Gabriel BALTAC (e-mail: alex.baltac@e-uvt.ro) +40 256 592 683<\/strong><\/p>\t\t\t\t\t\t\t\t<\/div>\n\t\t\t\t<\/div>\n\t\t\t\t\t<\/div>\n\t\t<\/div>\n\t\t\t\t\t<\/div>\n\t\t<\/section>\n\t\t\t\t<\/div>\n\t\t","protected":false},"excerpt":{"rendered":"<p>Les bourses de doctorat et de post-doctorat \u00ab\u00a0Eugen Ionescu\u00a0\u00bb. Le programme de bourses \u00ab\u00a0Eugen Ionescu\u00a0\u00bb permet aux doctorants et post-doctorants des universit\u00e9s des pays membres ou observateurs de l&rsquo;OIF (Organisation Internationale de la Francophonie) et de l&rsquo;Alg\u00e9rie de b\u00e9n\u00e9ficier d&rsquo;un stage de recherche de 3 mois en Roumanie, dans l&rsquo;une des 28 universit\u00e9s membres de [&hellip;]<\/p>\n","protected":false},"author":1,"featured_media":0,"parent":0,"menu_order":0,"comment_status":"closed","ping_status":"closed","template":"","meta":{"footnotes":""},"class_list":["post-8093","page","type-page","status-publish","hentry"],"_links":{"self":[{"href":"http:\/\/ri.uvt.ro\/fr\/wp-json\/wp\/v2\/pages\/8093","targetHints":{"allow":["GET"]}}],"collection":[{"href":"http:\/\/ri.uvt.ro\/fr\/wp-json\/wp\/v2\/pages"}],"about":[{"href":"http:\/\/ri.uvt.ro\/fr\/wp-json\/wp\/v2\/types\/page"}],"author":[{"embeddable":true,"href":"http:\/\/ri.uvt.ro\/fr\/wp-json\/wp\/v2\/users\/1"}],"replies":[{"embeddable":true,"href":"http:\/\/ri.uvt.ro\/fr\/wp-json\/wp\/v2\/comments?post=8093"}],"version-history":[{"count":6,"href":"http:\/\/ri.uvt.ro\/fr\/wp-json\/wp\/v2\/pages\/8093\/revisions"}],"predecessor-version":[{"id":18493,"href":"http:\/\/ri.uvt.ro\/fr\/wp-json\/wp\/v2\/pages\/8093\/revisions\/18493"}],"wp:attachment":[{"href":"http:\/\/ri.uvt.ro\/fr\/wp-json\/wp\/v2\/media?parent=8093"}],"curies":[{"name":"wp","href":"https:\/\/api.w.org\/{rel}","templated":true}]}}