{"id":8033,"date":"2022-02-21T13:34:05","date_gmt":"2022-02-21T11:34:05","guid":{"rendered":"http:\/\/ri.uvt.ro\/annee-preparatoire-de-langue-roumaine\/"},"modified":"2023-02-23T10:52:26","modified_gmt":"2023-02-23T08:52:26","slug":"annee-preparatoire-de-langue-roumaine","status":"publish","type":"page","link":"http:\/\/ri.uvt.ro\/fr\/annee-preparatoire-de-langue-roumaine\/","title":{"rendered":"Ann\u00e9e Pr\u00e9paratoire de langue roumaine"},"content":{"rendered":"\t\t<div data-elementor-type=\"wp-page\" data-elementor-id=\"8033\" class=\"elementor elementor-8033 elementor-68\" data-elementor-post-type=\"page\">\n\t\t\t\t\t\t<section class=\"elementor-section elementor-top-section elementor-element elementor-element-b67a5bb elementor-section-boxed elementor-section-height-default elementor-section-height-default\" data-id=\"b67a5bb\" data-element_type=\"section\">\n\t\t\t\t\t\t<div class=\"elementor-container elementor-column-gap-default\">\n\t\t\t\t\t<div class=\"elementor-column elementor-col-100 elementor-top-column elementor-element elementor-element-306f2de\" data-id=\"306f2de\" data-element_type=\"column\">\n\t\t\t<div class=\"elementor-widget-wrap elementor-element-populated\">\n\t\t\t\t\t\t<div class=\"elementor-element elementor-element-95db782 elementor-widget elementor-widget-heading\" data-id=\"95db782\" data-element_type=\"widget\" data-widget_type=\"heading.default\">\n\t\t\t\t<div class=\"elementor-widget-container\">\n\t\t\t\t\t<h2 class=\"elementor-heading-title elementor-size-default\">Ann\u00e9e Pr\u00e9paratoire de langue roumaine<\/h2>\t\t\t\t<\/div>\n\t\t\t\t<\/div>\n\t\t\t\t<div class=\"elementor-element elementor-element-4d6d93d elementor-widget-divider--view-line elementor-widget elementor-widget-divider\" data-id=\"4d6d93d\" data-element_type=\"widget\" data-widget_type=\"divider.default\">\n\t\t\t\t<div class=\"elementor-widget-container\">\n\t\t\t\t\t\t\t<div class=\"elementor-divider\">\n\t\t\t<span class=\"elementor-divider-separator\">\n\t\t\t\t\t\t<\/span>\n\t\t<\/div>\n\t\t\t\t\t\t<\/div>\n\t\t\t\t<\/div>\n\t\t\t\t\t<\/div>\n\t\t<\/div>\n\t\t\t\t\t<\/div>\n\t\t<\/section>\n\t\t\t\t<section class=\"elementor-section elementor-top-section elementor-element elementor-element-ebb92e5 elementor-section-boxed elementor-section-height-default elementor-section-height-default\" data-id=\"ebb92e5\" data-element_type=\"section\">\n\t\t\t\t\t\t<div class=\"elementor-container elementor-column-gap-default\">\n\t\t\t\t\t<div class=\"elementor-column elementor-col-100 elementor-top-column elementor-element elementor-element-9a4e29c\" data-id=\"9a4e29c\" data-element_type=\"column\">\n\t\t\t<div class=\"elementor-widget-wrap elementor-element-populated\">\n\t\t\t\t\t\t<div class=\"elementor-element elementor-element-714d0a0 elementor-widget elementor-widget-text-editor\" data-id=\"714d0a0\" data-element_type=\"widget\" data-widget_type=\"text-editor.default\">\n\t\t\t\t<div class=\"elementor-widget-container\">\n\t\t\t\t\t\t\t\t\t<p>L&rsquo;Universit\u00e9 de l&rsquo;Ouest de Timisoara est l&rsquo;un des \u00e9tablissements d&rsquo;enseignement sup\u00e9rieur de Roumanie accr\u00e9dit\u00e9s pour organiser l&rsquo;ann\u00e9e pr\u00e9paratoire roumaine. <b>Ce cours de langue est obligatoire pour les \u00e9tudiants \u00e9trangers qui souhaitent \u00e9tudier en roumain.<\/b> Au cours de l&rsquo;ann\u00e9e pr\u00e9paratoire, les \u00e9tudiants acqui\u00e8rent les connaissances n\u00e9cessaires de la langue roumaine, ainsi que les connaissances sp\u00e9cifiques, corr\u00e9l\u00e9es au profil de la future formation (anatomie, physique, chimie, dessin technique, etc.), si le programme d&rsquo;\u00e9tudes est organis\u00e9 en roumain.<\/p>\n<p>Les cat\u00e9gories de personnes suivantes sont exempt\u00e9es de l&rsquo;obligation de pr\u00e9senter le certificat de fin d&rsquo;\u00e9tudes de l&rsquo;ann\u00e9e pr\u00e9paratoire lors de l&rsquo;inscription \u00e0 des programmes d&rsquo;\u00e9tudes avec enseignement en roumain :<\/p>\n<p>a. les personnes qui pr\u00e9sentent des documents d&rsquo;enseignement roumains (dipl\u00f4me et certificats) ou des documents d&rsquo;enseignement, des dossiers scolaires attestant d&rsquo;au moins 4 ann\u00e9es cons\u00e9cutives d&rsquo;\u00e9tudes accomplies, en roumain, dans un \u00e9tablissement scolaire du syst\u00e8me national roumain;<\/p>\n<p>b.les personnes qui, pour s&rsquo;inscrire \u00e0 l&rsquo;enseignement universitaire, pr\u00e9sentent des certificats ou des attestations de comp\u00e9tences linguistiques de niveau minimum B1, conform\u00e9ment au Cadre europ\u00e9en commun de r\u00e9f\u00e9rence pour les langues, d\u00e9livr\u00e9s par des \u00e9tablissements d&rsquo;enseignement sup\u00e9rieur accr\u00e9dit\u00e9s en Roumanie qui organisent une ann\u00e9e pr\u00e9paratoire de langue roumaine pour les citoyens \u00e9trangers, par des cours de langue, de litt\u00e9rature, de culture et de civilisation roumaines dans des universit\u00e9s \u00e0 l&rsquo;\u00e9tranger \/ Institut de la langue roumaine ou par l&rsquo;Institut culturel roumain;<\/p>\n<p>c. ceux qui r\u00e9ussissent l&rsquo;\u00e9preuve de langue roumaine, apr\u00e8s examen par une commission sp\u00e9cialis\u00e9e compos\u00e9e d&rsquo;enseignants ayant au moins le grade de ma\u00eetre de conf\u00e9rences. L&rsquo;examen peut \u00eatre fait dans l&rsquo;\u00e9tablissement d&rsquo;enseignement sup\u00e9rieur o\u00f9 le candidat souhaite \u00e9tudier, si cet \u00e9tablissement d&rsquo;enseignement sup\u00e9rieur r\u00e9alise un programme de sp\u00e9cialisation \/ d&rsquo;\u00e9tude de la langue et de la litt\u00e9rature roumaines autoris\u00e9 \/ provisoirement autoris\u00e9 ou accr\u00e9dit\u00e9 \/ accr\u00e9dit\u00e9, ou dans un autre \u00e9tablissement d&rsquo;enseignement sup\u00e9rieur accr\u00e9dit\u00e9 l&rsquo;enseignement qui r\u00e9alise telle sp\u00e9cialisation \/ tel programme d&rsquo;\u00e9tudes. Suite \u00e0 cet examen, un certificat de comp\u00e9tence linguistique sera d\u00e9livr\u00e9.<\/p>\n\t\t\t\t\t\t\t\t<\/div>\n\t\t\t\t<\/div>\n\t\t\t\t\t<\/div>\n\t\t<\/div>\n\t\t\t\t\t<\/div>\n\t\t<\/section>\n\t\t\t\t<section class=\"elementor-section elementor-top-section elementor-element elementor-element-73b1478 elementor-section-boxed elementor-section-height-default elementor-section-height-default\" data-id=\"73b1478\" data-element_type=\"section\">\n\t\t\t\t\t\t<div class=\"elementor-container elementor-column-gap-default\">\n\t\t\t\t\t<div class=\"elementor-column elementor-col-100 elementor-top-column elementor-element elementor-element-99b6677\" data-id=\"99b6677\" data-element_type=\"column\">\n\t\t\t<div class=\"elementor-widget-wrap elementor-element-populated\">\n\t\t\t\t\t\t<div class=\"elementor-element elementor-element-47d3f91 elementor-widget elementor-widget-spacer\" data-id=\"47d3f91\" data-element_type=\"widget\" data-widget_type=\"spacer.default\">\n\t\t\t\t<div class=\"elementor-widget-container\">\n\t\t\t\t\t\t\t<div class=\"elementor-spacer\">\n\t\t\t<div class=\"elementor-spacer-inner\"><\/div>\n\t\t<\/div>\n\t\t\t\t\t\t<\/div>\n\t\t\t\t<\/div>\n\t\t\t\t<div class=\"elementor-element elementor-element-a68f809 elementor-widget elementor-widget-heading\" data-id=\"a68f809\" data-element_type=\"widget\" data-widget_type=\"heading.default\">\n\t\t\t\t<div class=\"elementor-widget-container\">\n\t\t\t\t\t<h5 class=\"elementor-heading-title elementor-size-default\">\u00c0 QUI S'ADRESSE-T-IL?<\/h5>\t\t\t\t<\/div>\n\t\t\t\t<\/div>\n\t\t\t\t\t<\/div>\n\t\t<\/div>\n\t\t\t\t\t<\/div>\n\t\t<\/section>\n\t\t\t\t<section class=\"elementor-section elementor-top-section elementor-element elementor-element-2bf0471 elementor-section-boxed elementor-section-height-default elementor-section-height-default\" data-id=\"2bf0471\" data-element_type=\"section\">\n\t\t\t\t\t\t<div class=\"elementor-container elementor-column-gap-default\">\n\t\t\t\t\t<div class=\"elementor-column elementor-col-100 elementor-top-column elementor-element elementor-element-507da71\" data-id=\"507da71\" data-element_type=\"column\">\n\t\t\t<div class=\"elementor-widget-wrap elementor-element-populated\">\n\t\t\t\t\t\t<div class=\"elementor-element elementor-element-fbb49d0 elementor-widget elementor-widget-eael-adv-accordion\" data-id=\"fbb49d0\" data-element_type=\"widget\" data-widget_type=\"eael-adv-accordion.default\">\n\t\t\t\t<div class=\"elementor-widget-container\">\n\t\t\t\t\t        <div class=\"eael-adv-accordion\" id=\"eael-adv-accordion-fbb49d0\" data-scroll-on-click=\"no\" data-scroll-speed=\"300\" data-accordion-id=\"fbb49d0\" data-accordion-type=\"accordion\" data-toogle-speed=\"300\">\n    <div class=\"eael-accordion-list\">\n                <div id=\"les-citoyens-des-pays-tiers-de-lue-qui-souhaitent-tudier-en-roumain-y-compris-les-tudes-techniques-mdicales-pharmaceutiques-etc\" class=\"elementor-tab-title eael-accordion-header\" tabindex=\"0\" data-tab=\"1\" aria-controls=\"elementor-tab-content-2631\"><span class=\"eael-advanced-accordion-icon-closed\"><\/span><span class=\"eael-advanced-accordion-icon-opened\"><i aria-hidden=\"true\" class=\"fa-accordion-icon fas fa-minus\"><\/i><\/span><span class=\"eael-accordion-tab-title\">Les citoyens des pays tiers de l'UE qui souhaitent \u00e9tudier en roumain (y compris les \u00e9tudes techniques, m\u00e9dicales, pharmaceutiques, etc.)<\/span><i aria-hidden=\"true\" class=\"fa-toggle fas fa-angle-right\"><\/i><\/div><div id=\"elementor-tab-content-2631\" class=\"eael-accordion-content clearfix\" data-tab=\"1\" aria-labelledby=\"les-citoyens-des-pays-tiers-de-lue-qui-souhaitent-tudier-en-roumain-y-compris-les-tudes-techniques-mdicales-pharmaceutiques-etc\"><p>Les frais de scolarit\u00e9 pour l&rsquo;ann\u00e9e pr\u00e9paratoire de langue roumaine pour cette cat\u00e9gorie d&rsquo;\u00e9tudiants sont factur\u00e9s en devises \u00e9trang\u00e8res et en fonction du domaine d&rsquo;\u00e9tudes que le candidat souhaite suivre apr\u00e8s avoir termin\u00e9 le cours de langue (par exemple : l&rsquo;ann\u00e9e pr\u00e9paratoire pour le domaine m\u00e9dical est de 320 EUR\/mois, et l&rsquo;ann\u00e9e pr\u00e9paratoire pour le domaine \u00e9conomique est de 220 EUR\/mois).<\/p><p>\u00a0<\/p><p><b>Les frais pour les ressortissants \u00e9trangers de pays tiers dans l&rsquo;UE sont :<\/b><\/p><p>Domaine : Sciences \/ Math\u00e9matiques \/ Sports \/ Technique \/ Agronomie<br \/>Licence \/ Master : 270 \u20ac \/ mois<br \/>Doctorat : 290 \u20ac \/ mois<\/p><p>Domaine : Sciences humaines\/ Psychologie\/ Sciences \u00e9conomiques<br \/>Licence \/ Master : 220 \u20ac \/ mois<br \/>Doctorat : 240 \u20ac \/ mois<\/p><p>Domaine:Musique et arts<br \/>Licence \/ Master : 420 \u20ac \/ mois<br \/>Doctorats : 440 \u20ac \/ mois<\/p><p>Domaine : interpr\u00e9tation musicale, th\u00e9\u00e2tre<br \/>Licence \/ Master : 750 \u20ac \/ mois<br \/>Doctorat : 770 \u20ac \/ mois<\/p><p>Domaine : Architecture<br \/>Licence \/ Master : 350 \u20ac \/ mois<br \/>Doctorat : 370 \u20ac \/ mois<\/p><p>Domaine : M\u00e9decine<br \/>Licence\/Master : 320\u20ac\/mois<br \/>Doctorat : 340 \u20ac \/ mois<\/p><p>Domaine : Cin\u00e9ma<br \/>Licence \/ Master : 950 \u20ac \/ mois<br \/>Doctorat : 970 \u20ac \/ mois<\/p><p><i>Sur l&rsquo;ordre de paiement \/ re\u00e7u, le nom du candidat sera mentionn\u00e9 au payeur et comme r\u00e9f\u00e9rence de paiement \u2039\u2039frais d&rsquo;admission\u203a\u203a, pour que le paiement soit valable..<\/i><\/p><p>\u00a0<\/p><p><b>Les frais de scolarit\u00e9 seront pay\u00e9s en totalit\u00e9 soit au moment de la demande de visa d&rsquo;\u00e9tudes, soit \u00e0 l&rsquo;inscription au coll\u00e8ge, lorsque la preuve de paiement des frais sera pr\u00e9sent\u00e9e. Les frais de scolarit\u00e9 sont calcul\u00e9s en multipliant le montant par mois par 9 mois d&rsquo;\u00e9tudes. Exemple : 220&#215;9 = 1980 euros \/ par ann\u00e9e acad\u00e9mique.<\/b><\/p><p>\u00a0<\/p><p>Il est recommand\u00e9 de postuler le plus t\u00f4t possible, car le processus prend g\u00e9n\u00e9ralement au moins un mois pour \u00eatre r\u00e9solu. Les dossiers d&rsquo;\u00e9tudes ne peuvent \u00eatre d\u00e9pos\u00e9s que jusqu&rsquo;au 15.09.2022, mais l&rsquo;inscription peut se faire jusqu&rsquo;au 01.02.2023, pour autant que le dossier d&rsquo;admission ait \u00e9t\u00e9 d\u00e9pos\u00e9. Vous trouverez plus de d\u00e9tails sur les documents requis en cliquant sur le <a class=\"culoare_scris\" href=\"http:\/\/ri.uvt.ro\/fr\/citoyens-des-pays-tiers-a-lunion-europeenne\/\">lien<\/a> suivant.<\/p><\/div>\n                <\/div><div class=\"eael-accordion-list\">\n                <div id=\"les-citoyens-des-pays-membres-de-lunion-europenne-qui-souhaitent-tudier-en-roumain\" class=\"elementor-tab-title eael-accordion-header\" tabindex=\"0\" data-tab=\"2\" aria-controls=\"elementor-tab-content-2632\"><span class=\"eael-advanced-accordion-icon-closed\"><\/span><span class=\"eael-advanced-accordion-icon-opened\"><i aria-hidden=\"true\" class=\"fa-accordion-icon fas fa-minus\"><\/i><\/span><span class=\"eael-accordion-tab-title\">Les citoyens des pays membres de l'Union europ\u00e9enne qui souhaitent \u00e9tudier en roumain\u00e2<\/span><i aria-hidden=\"true\" class=\"fa-toggle fas fa-angle-right\"><\/i><\/div><div id=\"elementor-tab-content-2632\" class=\"eael-accordion-content clearfix\" data-tab=\"2\" aria-labelledby=\"les-citoyens-des-pays-membres-de-lunion-europenne-qui-souhaitent-tudier-en-roumain\"><p>Selon la loi 316\/12.07.2006, les citoyens de l&rsquo;Union europ\u00e9enne, de l&rsquo;Espace \u00e9conomique europ\u00e9en et de la Conf\u00e9d\u00e9ration suisse ont acc\u00e8s aux \u00e9tudes dans les m\u00eames conditions que les citoyens roumains, y compris en ce qui concerne les frais de scolarit\u00e9. Les frais pour l&rsquo;ann\u00e9e pr\u00e9paratoire de roumain pour cette cat\u00e9gorie d&rsquo;\u00e9tudiants sont d&rsquo;environ <b>3500RON\/an<\/b>.<\/p><p>Pour un citoyen de l&rsquo;Union europ\u00e9enne qui souhaite \u00e9tudier l&rsquo;ann\u00e9e pr\u00e9paratoire de langue roumaine, les documents n\u00e9cessaires doivent \u00eatre d\u00e9pos\u00e9s au secr\u00e9tariat de la Facult\u00e9 de Lettres, d&rsquo;Histoire et de Th\u00e9ologie de l&rsquo;Universit\u00e9 de l&rsquo;Ouest de Timisoara, dans la salle 240, \u00e0 partir de <b>Du 15 septembre 2022 au 1er novembre 2022.<\/b>.<\/p><p>\u00a0<\/p><p><b>Avant de d\u00e9poser les documents au Secr\u00e9tariat<\/b> de la Facult\u00e9 de Lettres, d&rsquo;Histoire et de Th\u00e9ologie, le candidat se rendra au D\u00e9partement de Relations Internationales de l&rsquo;Universit\u00e9 de l&rsquo;Ouest de Timisoara, salle 155B (du lundi au vendredi, de 10h00 \u00e0 14h00) pour v\u00e9rifier le dossier. Apr\u00e8s v\u00e9rification du dossier, il lui sera d\u00e9livr\u00e9 un certificat \u00e0 utiliser \u00e0 la Facult\u00e9 des Lettres, d&rsquo;Histoire et de Th\u00e9ologie.<\/p><p>\u00a0<\/p><p>Les documents requis sont :<\/p><ul><li><b>Certificat d&rsquo;\u00e9tudes &#8211; copie et traduction certifi\u00e9e (en roumain, anglais, fran\u00e7ais ou allemand &#8211; qui permet \u00e0 l&rsquo;int\u00e9ress\u00e9 d&rsquo;acc\u00e9der \u00e0 la forme d&rsquo;enseignement pertinente et authentifi\u00e9e par les autorit\u00e9s comp\u00e9tentes du pays de d\u00e9livrance.<\/b> (Dipl\u00f4me de baccalaur\u00e9at ou son \u00e9quivalent et Bachelor&rsquo;s Degree si le candidat opte pour le Master&rsquo;s Degree). Pour les \u00e9tudes de doctorat, le dipl\u00f4me de ma\u00eetrise sera inclus;<br \/><b><\/b><\/li><li><b>Copie et traduction certifi\u00e9e conforme du certificat, authentifi\u00e9 par les autorit\u00e9s comp\u00e9tentes du pays \u00e9metteur<\/b>, attestant la r\u00e9ussite de l&rsquo;examen du baccalaur\u00e9at\/licence\/master pour les dipl\u00f4m\u00e9s de l&rsquo;ann\u00e9e en cours (si n\u00e9cessaire) ;<br \/><b><\/b><\/li><li><b>Relev\u00e9s de notes &#8211; copies et traductions certifi\u00e9es et authentifi\u00e9es par les autorit\u00e9s comp\u00e9tentes du pays de d\u00e9livrance<\/b> &#8211; relatifs aux \u00e9tudes accomplies et au programme analytique, dans le cas des candidats demandant une \u00e9quivalence de p\u00e9riodes d&rsquo;\u00e9tudes ;<br \/><b><\/b><\/li><li><b>Acte de naissance &#8211; copie et traduction certifi\u00e9es et authentifi\u00e9es par les autorit\u00e9s comp\u00e9tentes du pays d&rsquo;\u00e9mission;<\/b><\/li><li><b>Copie du passeport<\/b> &#8211; valable au moins 6 mois apr\u00e8s la date de d\u00e9livrance de la lettre d&rsquo;acceptation d&rsquo;\u00e9tude ;<br \/><b><\/b><\/li><li><b>Certificat m\u00e9dical<\/b> (dans une langue internationale) attestant que la personne \u00e0 inscrire aux \u00e9tudes ne souffre pas de maladies contagieuses ou d&rsquo;autres conditions incompatibles avec la future profession ;<br \/><b><\/b><\/li><li><b>Certificat de mariage<\/b> &#8211; si n\u00e9cessaire (pour justifier le changement de nom de famille);<br \/><b><\/b><\/li><li><b>Copie du document prouvant la r\u00e9sidence permanente \u00e0 l&rsquo;\u00e9tranger<\/b> (le cas \u00e9ch\u00e9ant);<\/li><li><a class=\"culoare_scris\" href=\"http:\/\/ri.uvt.ro\/wp-content\/uploads\/2022\/03\/Fisa-date-personale-2020-2021.docx\"><b>Remplir la fiche de donn\u00e9es personnelles<\/b><\/a> <b>:<\/b> adresse, adresse \u00e9lectronique et num\u00e9ro de t\u00e9l\u00e9phone;<br \/><b><\/b><\/li><li><a class=\"culoare_scris\" href=\"http:\/\/ri.uvt.ro\/wp-content\/uploads\/2022\/03\/GDPR-Form-ro-2020-2021.pdf\"><b>Formulaire d&rsquo;accord sur les donn\u00e9es personnelles ;<\/b><\/a><br \/><b><\/b><\/li><li><b>2 copies des documents requis;<\/b><\/li><\/ul><p>\u00a0<\/p><p><span style=\"font-size: large;\"><b>I. AUTHENTIFICATION DES DOCUMENTS POUR L&rsquo;ENREGISTREMENT<\/b><\/span><\/p><p>Il est <b>n\u00e9cessaire<\/b> que les documents d&rsquo;i<b><i>nscription \u00e0 l&rsquo;ann\u00e9e pr\u00e9paratoire roumaine<\/i><\/b> soient authentifi\u00e9s par les autorit\u00e9s comp\u00e9tentes du pays \u00e9metteur, respectivement, comme suit :<\/p><ol><li>pour <a class=\"culoare_scris\" href=\"https:\/\/www.hcch.net\/en\/instruments\/conventions\/status-table\/?cid=41\">\u00c9tats parties \u00e0 la Convention Apostille de La Haye<\/a>, les \u00e9tudes soumises \u00e0 \u00e9quivalence \/ reconnaissance doivent \u00eatre <a class=\"culoare_scris\" href=\"https:\/\/www.hcch.net\/en\/instruments\/conventions\/specialised-sections\/apostille\">L&rsquo;Apostille de La Haye<\/a> par <a class=\"culoare_scris\" href=\"https:\/\/www.hcch.net\/en\/instruments\/conventions\/authorities1\/?cid=41\">les autorit\u00e9s comp\u00e9tentes des pays \u00e9metteurs<\/a>; les m\u00e9moires d&rsquo;\u00e9tudes d&rsquo;Italie, de Gr\u00e8ce, d&rsquo;Espagne, du Portugal et de Chypre seront couverts par l&rsquo;Apostille de la Convention de La Haye, les autres \u00c9tats membres de l&rsquo;UE en \u00e9tant exempt\u00e9s;<\/li><li>pour les pays qui ne sont PAS parties \u00e0 la Convention Apostille de La Haye, les documents d&rsquo;\u00e9tudes seront <a class=\"culoare_scris\" href=\"https:\/\/www.mae.ro\/node\/6869\">super-l\u00e9galis\u00e9s<\/a> ou seront accompagn\u00e9s du certificat d&rsquo;authenticit\u00e9 d\u00e9livr\u00e9 par les autorit\u00e9s comp\u00e9tentes du pays d&rsquo;origine;<ul><li>la superl\u00e9galisation est appliqu\u00e9e par le minist\u00e8re des affaires \u00e9trang\u00e8res du pays \u00e9metteur, l&rsquo;ambassade\/le bureau consulaire de la Roumanie dans ce pays et le minist\u00e8re des affaires \u00e9trang\u00e8res de la Roumanie ou par le minist\u00e8re des affaires \u00e9trang\u00e8res du pays \u00e9metteur et son ambassade\/son bureau consulaire en Roumanie et le minist\u00e8re des affaires \u00e9trang\u00e8res de la Roumanie ; pour les pays o\u00f9 il n&rsquo;y a pas de mission diplomatique de la Roumanie ou qui n&rsquo;ont pas de mission diplomatique en Roumanie, les documents d&rsquo;\u00e9tudes seront avalis\u00e9s par le minist\u00e8re de l&rsquo;\u00e9ducation et le minist\u00e8re des affaires \u00e9trang\u00e8res du pays \u00e9metteur;<\/li><li>l&rsquo;exon\u00e9ration de la surtaxe est autoris\u00e9e par la loi, par un trait\u00e9 international auquel la Roumanie est partie ou sur la base de la r\u00e9ciprocit\u00e9.<\/li><\/ul><\/li><\/ol><p>\u00a0<\/p><p><a class=\"culoare_scris\" href=\"https:\/\/www.cnred.edu.ro\/ro\/lista-statelor-pentru-care-se-solicit%C4%83-apostilarea-sau-supralegalizarea\" target=\"_blank\" rel=\"noopener\">Liste des \u00c9tats pour lesquels l&rsquo;apostille ou la surl\u00e9galisation est requise<\/a><\/p><p>\u00a0<\/p><p>!Veuillez vous assurer que les documents d&rsquo;admission sont traduits dans une langue internationale si une traduction directe en roumain n&rsquo;est pas possible, puis essayez de traduire en roumain et de faire l\u00e9galiser les documents par un notaire pendant la proc\u00e9dure d&rsquo;enregistrement, le cas \u00e9ch\u00e9ant.<\/p><p>\u00a0<\/p><p><b>Le candidat devra payer 3 frais :<\/b><\/p><ol><li>Frais d&rsquo;inscription de 100 lei<\/li><li>Frais d&rsquo;inscription de 150 lei<\/li><li>Frais d&rsquo;environ 3000 lei pour l&rsquo;ann\u00e9e pr\u00e9paratoire<\/li><\/ol><\/div>\n                <\/div><\/div>\t\t\t\t<\/div>\n\t\t\t\t<\/div>\n\t\t\t\t<div class=\"elementor-element elementor-element-0b864f0 elementor-widget elementor-widget-spacer\" data-id=\"0b864f0\" data-element_type=\"widget\" data-widget_type=\"spacer.default\">\n\t\t\t\t<div class=\"elementor-widget-container\">\n\t\t\t\t\t\t\t<div class=\"elementor-spacer\">\n\t\t\t<div class=\"elementor-spacer-inner\"><\/div>\n\t\t<\/div>\n\t\t\t\t\t\t<\/div>\n\t\t\t\t<\/div>\n\t\t\t\t\t<\/div>\n\t\t<\/div>\n\t\t\t\t\t<\/div>\n\t\t<\/section>\n\t\t\t\t<section class=\"elementor-section elementor-top-section elementor-element elementor-element-514e71d elementor-section-boxed elementor-section-height-default elementor-section-height-default\" data-id=\"514e71d\" data-element_type=\"section\">\n\t\t\t\t\t\t<div class=\"elementor-container elementor-column-gap-default\">\n\t\t\t\t\t<div class=\"elementor-column elementor-col-100 elementor-top-column elementor-element elementor-element-3511b96\" data-id=\"3511b96\" data-element_type=\"column\">\n\t\t\t<div class=\"elementor-widget-wrap elementor-element-populated\">\n\t\t\t\t\t\t<div class=\"elementor-element elementor-element-55ea9a6 elementor-widget elementor-widget-text-editor\" data-id=\"55ea9a6\" data-element_type=\"widget\" data-widget_type=\"text-editor.default\">\n\t\t\t\t<div class=\"elementor-widget-container\">\n\t\t\t\t\t\t\t\t\t<p>Contact: (e-mail: international-admissions@e-uvt.ro, Phone: +40256592227)<\/p>\n\t\t\t\t\t\t\t\t<\/div>\n\t\t\t\t<\/div>\n\t\t\t\t\t<\/div>\n\t\t<\/div>\n\t\t\t\t\t<\/div>\n\t\t<\/section>\n\t\t\t\t<section class=\"elementor-section elementor-top-section elementor-element elementor-element-a94b0c3 elementor-section-boxed elementor-section-height-default elementor-section-height-default\" data-id=\"a94b0c3\" data-element_type=\"section\">\n\t\t\t\t\t\t<div class=\"elementor-container elementor-column-gap-default\">\n\t\t\t\t\t<div class=\"elementor-column elementor-col-100 elementor-top-column elementor-element elementor-element-f978f25\" data-id=\"f978f25\" data-element_type=\"column\">\n\t\t\t<div class=\"elementor-widget-wrap elementor-element-populated\">\n\t\t\t\t\t\t<div class=\"elementor-element elementor-element-54ba6e1 elementor-widget elementor-widget-spacer\" data-id=\"54ba6e1\" data-element_type=\"widget\" data-widget_type=\"spacer.default\">\n\t\t\t\t<div class=\"elementor-widget-container\">\n\t\t\t\t\t\t\t<div class=\"elementor-spacer\">\n\t\t\t<div class=\"elementor-spacer-inner\"><\/div>\n\t\t<\/div>\n\t\t\t\t\t\t<\/div>\n\t\t\t\t<\/div>\n\t\t\t\t<div class=\"elementor-element elementor-element-ef326b7 elementor-widget elementor-widget-text-editor\" data-id=\"ef326b7\" data-element_type=\"widget\" data-widget_type=\"text-editor.default\">\n\t\t\t\t<div class=\"elementor-widget-container\">\n\t\t\t\t\t\t\t\t\t<h4><u><b>Documents et liens utiles :<\/b><\/u><\/h4>\n<p><i><a class=\"culoare_scris\" href=\"http:\/\/ri.uvt.ro\/wp-content\/uploads\/2022\/03\/Documents-Preparatory-Year-in-Romanian-Language-ro-2020-2021.pdf\">D\u00e9pliant documents Ann\u00e9e pr\u00e9paratoire langue roumaine UE ro 2020-2021<\/a><\/i><\/p>\n<p><a class=\"culoare_scris\" href=\"http:\/\/ri.uvt.ro\/wp-content\/uploads\/2022\/03\/Flyer-documente-necesare-NON-UE-ro-2020-2021.pdf\">D\u00e9pliant documents n\u00e9cessaires P\u00e9titionnaire NON-UE Ann\u00e9e ro 2020-2021<\/a><\/p>\n<p><a class=\"culoare_scris\" href=\"http:\/\/ri.uvt.ro\/wp-content\/uploads\/2022\/03\/Passport-EN-WUT.pdf\">Passeport EN 2020-2021<\/a><\/p>\n<p><a class=\"culoare_scris\" href=\"http:\/\/ri.uvt.ro\/wp-content\/uploads\/2022\/03\/Structura-anului-academic-2019-2020.pdf\">Structure de l&rsquo;ann\u00e9e acad\u00e9mique 2019-2020<\/a><\/p>\n\t\t\t\t\t\t\t\t<\/div>\n\t\t\t\t<\/div>\n\t\t\t\t\t<\/div>\n\t\t<\/div>\n\t\t\t\t\t<\/div>\n\t\t<\/section>\n\t\t\t\t<\/div>\n\t\t","protected":false},"excerpt":{"rendered":"<p>Ann\u00e9e Pr\u00e9paratoire de langue roumaine L&rsquo;Universit\u00e9 de l&rsquo;Ouest de Timisoara est l&rsquo;un des \u00e9tablissements d&rsquo;enseignement sup\u00e9rieur de Roumanie accr\u00e9dit\u00e9s pour organiser l&rsquo;ann\u00e9e pr\u00e9paratoire roumaine. Ce cours de langue est obligatoire pour les \u00e9tudiants \u00e9trangers qui souhaitent \u00e9tudier en roumain. Au cours de l&rsquo;ann\u00e9e pr\u00e9paratoire, les \u00e9tudiants acqui\u00e8rent les connaissances n\u00e9cessaires de la langue roumaine, ainsi [&hellip;]<\/p>\n","protected":false},"author":1,"featured_media":0,"parent":0,"menu_order":0,"comment_status":"closed","ping_status":"closed","template":"","meta":{"footnotes":""},"class_list":["post-8033","page","type-page","status-publish","hentry"],"_links":{"self":[{"href":"http:\/\/ri.uvt.ro\/fr\/wp-json\/wp\/v2\/pages\/8033","targetHints":{"allow":["GET"]}}],"collection":[{"href":"http:\/\/ri.uvt.ro\/fr\/wp-json\/wp\/v2\/pages"}],"about":[{"href":"http:\/\/ri.uvt.ro\/fr\/wp-json\/wp\/v2\/types\/page"}],"author":[{"embeddable":true,"href":"http:\/\/ri.uvt.ro\/fr\/wp-json\/wp\/v2\/users\/1"}],"replies":[{"embeddable":true,"href":"http:\/\/ri.uvt.ro\/fr\/wp-json\/wp\/v2\/comments?post=8033"}],"version-history":[{"count":9,"href":"http:\/\/ri.uvt.ro\/fr\/wp-json\/wp\/v2\/pages\/8033\/revisions"}],"predecessor-version":[{"id":8052,"href":"http:\/\/ri.uvt.ro\/fr\/wp-json\/wp\/v2\/pages\/8033\/revisions\/8052"}],"wp:attachment":[{"href":"http:\/\/ri.uvt.ro\/fr\/wp-json\/wp\/v2\/media?parent=8033"}],"curies":[{"name":"wp","href":"https:\/\/api.w.org\/{rel}","templated":true}]}}