{"id":8031,"date":"2022-02-21T13:59:42","date_gmt":"2022-02-21T11:59:42","guid":{"rendered":"http:\/\/ri.uvt.ro\/university-agency-of-francophonie-uaf\/"},"modified":"2025-10-10T11:41:24","modified_gmt":"2025-10-10T09:41:24","slug":"university-agency-of-francophonie-uaf","status":"publish","type":"page","link":"http:\/\/ri.uvt.ro\/fr\/university-agency-of-francophonie-uaf\/","title":{"rendered":"University Agency of Francophonie (UAF)"},"content":{"rendered":"\t\t<div data-elementor-type=\"wp-page\" data-elementor-id=\"8031\" class=\"elementor elementor-8031 elementor-134\" data-elementor-post-type=\"page\">\n\t\t\t\t\t\t<section class=\"elementor-section elementor-top-section elementor-element elementor-element-7499c78 elementor-section-boxed elementor-section-height-default elementor-section-height-default\" data-id=\"7499c78\" data-element_type=\"section\">\n\t\t\t\t\t\t<div class=\"elementor-container elementor-column-gap-default\">\n\t\t\t\t\t<div class=\"elementor-column elementor-col-100 elementor-top-column elementor-element elementor-element-475afc7\" data-id=\"475afc7\" data-element_type=\"column\">\n\t\t\t<div class=\"elementor-widget-wrap elementor-element-populated\">\n\t\t\t\t\t\t<div class=\"elementor-element elementor-element-6b352cb elementor-widget elementor-widget-heading\" data-id=\"6b352cb\" data-element_type=\"widget\" data-widget_type=\"heading.default\">\n\t\t\t\t<div class=\"elementor-widget-container\">\n\t\t\t\t\t<h2 class=\"elementor-heading-title elementor-size-default\">Agence Universitaire de la Francophonie (AUF)<\/h2>\t\t\t\t<\/div>\n\t\t\t\t<\/div>\n\t\t\t\t<div class=\"elementor-element elementor-element-e49d299 elementor-widget-divider--view-line elementor-widget elementor-widget-divider\" data-id=\"e49d299\" data-element_type=\"widget\" data-widget_type=\"divider.default\">\n\t\t\t\t<div class=\"elementor-widget-container\">\n\t\t\t\t\t\t\t<div class=\"elementor-divider\">\n\t\t\t<span class=\"elementor-divider-separator\">\n\t\t\t\t\t\t<\/span>\n\t\t<\/div>\n\t\t\t\t\t\t<\/div>\n\t\t\t\t<\/div>\n\t\t\t\t\t<\/div>\n\t\t<\/div>\n\t\t\t\t\t<\/div>\n\t\t<\/section>\n\t\t\t\t<section class=\"elementor-section elementor-top-section elementor-element elementor-element-ba7ad23 elementor-section-boxed elementor-section-height-default elementor-section-height-default\" data-id=\"ba7ad23\" data-element_type=\"section\">\n\t\t\t\t\t\t<div class=\"elementor-container elementor-column-gap-default\">\n\t\t\t\t\t<div class=\"elementor-column elementor-col-100 elementor-top-column elementor-element elementor-element-5ee4d3f\" data-id=\"5ee4d3f\" data-element_type=\"column\">\n\t\t\t<div class=\"elementor-widget-wrap elementor-element-populated\">\n\t\t\t\t\t\t<div class=\"elementor-element elementor-element-51b63f6 elementor-widget elementor-widget-text-editor\" data-id=\"51b63f6\" data-element_type=\"widget\" data-widget_type=\"text-editor.default\">\n\t\t\t\t<div class=\"elementor-widget-container\">\n\t\t\t\t\t\t\t\t\t<p>Fond\u00e9e en 1961 \u00e0 Montr\u00e9al (Qu\u00e9bec, Canada), l&rsquo;Agence Universitaire de la Francophonie (AUF) est une institution multilat\u00e9rale qui soutient la coop\u00e9ration et la solidarit\u00e9 entre les \u00e9tablissements universitaires francophones et favorise le d\u00e9veloppement de l&rsquo;enseignement sup\u00e9rieur et de la recherche. Il rassemble des universit\u00e9s, des r\u00e9seaux universitaires et des centres de recherche scientifique utilisant le fran\u00e7ais. Avec un r\u00e9seau de 1007 membres dans 119 pays, elle est l&rsquo;une des plus grandes associations d&rsquo;\u00e9tablissements d&rsquo;enseignement sup\u00e9rieur et de recherche au monde.<\/p>\n<p><a class=\"culoare_scris\" href=\"https:\/\/www.auf.org\/bureau\/bureau-europe-centrale-et-orientale\/\">Le bureau pour l&rsquo;Europe centrale<\/a> et orientale op\u00e8re \u00e0 Bucarest depuis 1994 et couvre 17 pays de la r\u00e9gion. Le personnel de ce bureau g\u00e8re les programmes de l&rsquo;Agence universitaire au profit des \u00e9tudiants, des enseignants et des universit\u00e9s des 17 pays.<\/p>\n\t\t\t\t\t\t\t\t<\/div>\n\t\t\t\t<\/div>\n\t\t\t\t\t<\/div>\n\t\t<\/div>\n\t\t\t\t\t<\/div>\n\t\t<\/section>\n\t\t\t\t<section class=\"elementor-section elementor-top-section elementor-element elementor-element-db20b60 elementor-section-boxed elementor-section-height-default elementor-section-height-default\" data-id=\"db20b60\" data-element_type=\"section\">\n\t\t\t\t\t\t<div class=\"elementor-container elementor-column-gap-default\">\n\t\t\t\t\t<div class=\"elementor-column elementor-col-100 elementor-top-column elementor-element elementor-element-368bcd6\" data-id=\"368bcd6\" data-element_type=\"column\">\n\t\t\t<div class=\"elementor-widget-wrap elementor-element-populated\">\n\t\t\t\t\t\t<div class=\"elementor-element elementor-element-b6f99e1 elementor-widget elementor-widget-heading\" data-id=\"b6f99e1\" data-element_type=\"widget\" data-widget_type=\"heading.default\">\n\t\t\t\t<div class=\"elementor-widget-container\">\n\t\t\t\t\t<h5 class=\"elementor-heading-title elementor-size-default\">Mission<\/h5>\t\t\t\t<\/div>\n\t\t\t\t<\/div>\n\t\t\t\t\t<\/div>\n\t\t<\/div>\n\t\t\t\t\t<\/div>\n\t\t<\/section>\n\t\t\t\t<section class=\"elementor-section elementor-top-section elementor-element elementor-element-23ccc77 elementor-section-boxed elementor-section-height-default elementor-section-height-default\" data-id=\"23ccc77\" data-element_type=\"section\">\n\t\t\t\t\t\t<div class=\"elementor-container elementor-column-gap-default\">\n\t\t\t\t\t<div class=\"elementor-column elementor-col-100 elementor-top-column elementor-element elementor-element-1fe5716\" data-id=\"1fe5716\" data-element_type=\"column\">\n\t\t\t<div class=\"elementor-widget-wrap elementor-element-populated\">\n\t\t\t\t\t\t<div class=\"elementor-element elementor-element-7caaf55 elementor-widget elementor-widget-text-editor\" data-id=\"7caaf55\" data-element_type=\"widget\" data-widget_type=\"text-editor.default\">\n\t\t\t\t<div class=\"elementor-widget-container\">\n\t\t\t\t\t\t\t\t\t<ul>\n<li>Point de r\u00e9f\u00e9rence pour la coop\u00e9ration entre les universit\u00e9s du monde francophone. L&rsquo;UAF encourage la coop\u00e9ration universitaire entre ses institutions membres dans un esprit de solidarit\u00e9, de compl\u00e9mentarit\u00e9 et d&rsquo;\u00e9change de connaissances. Il contribue ainsi \u00e0 la vitalit\u00e9 d&rsquo;un domaine scientifique en fran\u00e7ais, tout en respectant la diversit\u00e9 des cultures et des langues ;<\/li>\n<li>L&rsquo;UAF accompagne les institutions acad\u00e9miques et leurs parties prenantes. L&rsquo;UAF offre aux \u00e9tudiants, aux enseignants et aux chercheurs des services tels que le financement de la mobilit\u00e9, la fourniture de programmes dipl\u00f4mants en ligne ou le soutien de projets de recherche. Il aide les institutions dans leur modernisation (mise \u00e0 jour du syst\u00e8me de gestion des programmes d&rsquo;auto-\u00e9valuation et d&rsquo;\u00e9valuation ; facilitation de la pr\u00e9paration des projets). Apporte un soutien particulier aux institutions en crise (Ha\u00efti, C\u00f4te d&rsquo;Ivoire, Mali) ;<\/li>\n<li>L&rsquo;UAF s&rsquo;engage dans l&rsquo;ar\u00e8ne internationale. L&rsquo;UAF s&rsquo;implique dans des projets internationaux ; elle met son expertise au service des agences de d\u00e9veloppement et des pays francophones. Les probl\u00e9matiques internationales de l&rsquo;UAF li\u00e9es \u00e0 l&rsquo;\u00e9volution de l&rsquo;enseignement sup\u00e9rieur sont : la massification de l&rsquo;enseignement, l&rsquo;\u00e9valuation et le classement des universit\u00e9s, l&rsquo;acc\u00e8s des femmes \u00e0 l&rsquo;enseignement sup\u00e9rieur, l&rsquo;utilisation de l&rsquo;enseignement num\u00e9rique, etc.<\/li>\n<\/ul>\n\t\t\t\t\t\t\t\t<\/div>\n\t\t\t\t<\/div>\n\t\t\t\t\t<\/div>\n\t\t<\/div>\n\t\t\t\t\t<\/div>\n\t\t<\/section>\n\t\t\t\t<section class=\"elementor-section elementor-top-section elementor-element elementor-element-22cec93 elementor-section-boxed elementor-section-height-default elementor-section-height-default\" data-id=\"22cec93\" data-element_type=\"section\">\n\t\t\t\t\t\t<div class=\"elementor-container elementor-column-gap-default\">\n\t\t\t\t\t<div class=\"elementor-column elementor-col-100 elementor-top-column elementor-element elementor-element-6b30f14\" data-id=\"6b30f14\" data-element_type=\"column\">\n\t\t\t<div class=\"elementor-widget-wrap elementor-element-populated\">\n\t\t\t\t\t\t<div class=\"elementor-element elementor-element-914d2ce elementor-widget elementor-widget-heading\" data-id=\"914d2ce\" data-element_type=\"widget\" data-widget_type=\"heading.default\">\n\t\t\t\t<div class=\"elementor-widget-container\">\n\t\t\t\t\t<h5 class=\"elementor-heading-title elementor-size-default\">Programmes<\/h5>\t\t\t\t<\/div>\n\t\t\t\t<\/div>\n\t\t\t\t\t<\/div>\n\t\t<\/div>\n\t\t\t\t\t<\/div>\n\t\t<\/section>\n\t\t\t\t<section class=\"elementor-section elementor-top-section elementor-element elementor-element-9539c82 elementor-section-boxed elementor-section-height-default elementor-section-height-default\" data-id=\"9539c82\" data-element_type=\"section\">\n\t\t\t\t\t\t<div class=\"elementor-container elementor-column-gap-default\">\n\t\t\t\t\t<div class=\"elementor-column elementor-col-100 elementor-top-column elementor-element elementor-element-50c5bba\" data-id=\"50c5bba\" data-element_type=\"column\">\n\t\t\t<div class=\"elementor-widget-wrap elementor-element-populated\">\n\t\t\t\t\t\t<div class=\"elementor-element elementor-element-14ae800 elementor-widget elementor-widget-text-editor\" data-id=\"14ae800\" data-element_type=\"widget\" data-widget_type=\"text-editor.default\">\n\t\t\t\t<div class=\"elementor-widget-container\">\n\t\t\t\t\t\t\t\t\t<p>Pour atteindre ses objectifs, l&rsquo;UAF g\u00e8re plusieurs <a class=\"culoare_scris\" href=\"https:\/\/www.auf.org\/nos-projets-internationaux\/nos-partenariats\/\">programmes de bourses d&rsquo;\u00e9tudes.<\/a><\/p><p><b>1. D\u00e9veloppement institutionnel et scientifique des universit\u00e9s<\/b><\/p><ul><li>la mobilit\u00e9 scientifique et universitaire ;<\/li><li>la mobilit\u00e9 des \u00e9tudiants;<\/li><li>la mobilit\u00e9 des enseignants et des chercheurs;<\/li><li>la mobilit\u00e9 universitaire;<\/li><li>mobilit\u00e9 du r\u00e9seau;<\/li><\/ul><p><b> 2. Soutien aux r\u00e9seaux et aux structures associatives<\/b><\/p><p>La promotion de la mobilit\u00e9 des \u00e9tudiants et du personnel universitaire est l&rsquo;un des principaux objectifs fix\u00e9s dans le programme de l&rsquo;UAF 2014-2017. Partant du principe que les \u00e9changes internationaux sont une condition essentielle \u00e0 la circulation des connaissances et des comp\u00e9tences, l&rsquo;Agence a renforc\u00e9 l&rsquo;offre de mobilit\u00e9 acad\u00e9mique pour les \u00e9tudiants et les enseignants. Pour en savoir plus sur l&rsquo;Agence Universitaire Francophone (AUF), veuillez suivre le lien vers le site officiel : <a tabindex=\"0\" data-uw-rm-kbnav=\"anohref\">https:\/\/www.auf.org\/<\/a><\/p><div class=\"element-size-100\"><div class=\" col-md-12\"><div class=\"heading-description\"><p><a class=\"culoare_scris\" href=\"https:\/\/www.auf.org\/nouvelles\/appels-a-candidatures\/bourses-de-recherche-doctorale-et-postdoctorale-eugen-ionescu-appel-candidature-2021\/\">L&rsquo;UAF offre<\/a><\/p><\/div><\/div><\/div>\t\t\t\t\t\t\t\t<\/div>\n\t\t\t\t<\/div>\n\t\t\t\t\t<\/div>\n\t\t<\/div>\n\t\t\t\t\t<\/div>\n\t\t<\/section>\n\t\t\t\t<section class=\"elementor-section elementor-top-section elementor-element elementor-element-34280d7 elementor-section-boxed elementor-section-height-default elementor-section-height-default\" data-id=\"34280d7\" data-element_type=\"section\">\n\t\t\t\t\t\t<div class=\"elementor-container elementor-column-gap-default\">\n\t\t\t\t\t<div class=\"elementor-column elementor-col-100 elementor-top-column elementor-element elementor-element-3016b52\" data-id=\"3016b52\" data-element_type=\"column\">\n\t\t\t<div class=\"elementor-widget-wrap elementor-element-populated\">\n\t\t\t\t\t\t<div class=\"elementor-element elementor-element-43d399c elementor-widget elementor-widget-text-editor\" data-id=\"43d399c\" data-element_type=\"widget\" data-widget_type=\"text-editor.default\">\n\t\t\t\t<div class=\"elementor-widget-container\">\n\t\t\t\t\t\t\t\t\t<p><strong>Contact: Alex-Gabriel BALTAC (e-mail: alex.baltac@e-uvt.ro, +40 256 592 683)<\/strong><\/p>\t\t\t\t\t\t\t\t<\/div>\n\t\t\t\t<\/div>\n\t\t\t\t\t<\/div>\n\t\t<\/div>\n\t\t\t\t\t<\/div>\n\t\t<\/section>\n\t\t\t\t<\/div>\n\t\t","protected":false},"excerpt":{"rendered":"<p>Agence Universitaire de la Francophonie (AUF) Fond\u00e9e en 1961 \u00e0 Montr\u00e9al (Qu\u00e9bec, Canada), l&rsquo;Agence Universitaire de la Francophonie (AUF) est une institution multilat\u00e9rale qui soutient la coop\u00e9ration et la solidarit\u00e9 entre les \u00e9tablissements universitaires francophones et favorise le d\u00e9veloppement de l&rsquo;enseignement sup\u00e9rieur et de la recherche. Il rassemble des universit\u00e9s, des r\u00e9seaux universitaires et des [&hellip;]<\/p>\n","protected":false},"author":1,"featured_media":0,"parent":0,"menu_order":0,"comment_status":"closed","ping_status":"closed","template":"","meta":{"footnotes":""},"class_list":["post-8031","page","type-page","status-publish","hentry"],"_links":{"self":[{"href":"http:\/\/ri.uvt.ro\/fr\/wp-json\/wp\/v2\/pages\/8031","targetHints":{"allow":["GET"]}}],"collection":[{"href":"http:\/\/ri.uvt.ro\/fr\/wp-json\/wp\/v2\/pages"}],"about":[{"href":"http:\/\/ri.uvt.ro\/fr\/wp-json\/wp\/v2\/types\/page"}],"author":[{"embeddable":true,"href":"http:\/\/ri.uvt.ro\/fr\/wp-json\/wp\/v2\/users\/1"}],"replies":[{"embeddable":true,"href":"http:\/\/ri.uvt.ro\/fr\/wp-json\/wp\/v2\/comments?post=8031"}],"version-history":[{"count":12,"href":"http:\/\/ri.uvt.ro\/fr\/wp-json\/wp\/v2\/pages\/8031\/revisions"}],"predecessor-version":[{"id":18148,"href":"http:\/\/ri.uvt.ro\/fr\/wp-json\/wp\/v2\/pages\/8031\/revisions\/18148"}],"wp:attachment":[{"href":"http:\/\/ri.uvt.ro\/fr\/wp-json\/wp\/v2\/media?parent=8031"}],"curies":[{"name":"wp","href":"https:\/\/api.w.org\/{rel}","templated":true}]}}