{"id":3423,"date":"2022-02-21T13:32:19","date_gmt":"2022-02-21T11:32:19","guid":{"rendered":"http:\/\/ri.uvt.ro\/programmes-detudes-en-langues-etrangeres\/"},"modified":"2023-03-01T13:28:17","modified_gmt":"2023-03-01T11:28:17","slug":"programmes-detudes-en-langues-etrangeres","status":"publish","type":"page","link":"http:\/\/ri.uvt.ro\/fr\/programmes-detudes-en-langues-etrangeres\/","title":{"rendered":"Programmes d\u2019\u00e9tudes en langues \u00e9trang\u00e8res"},"content":{"rendered":"\t\t<div data-elementor-type=\"wp-page\" data-elementor-id=\"3423\" class=\"elementor elementor-3423 elementor-55\" data-elementor-post-type=\"page\">\n\t\t\t\t\t\t<section class=\"elementor-section elementor-top-section elementor-element elementor-element-5077658 elementor-section-boxed elementor-section-height-default elementor-section-height-default\" data-id=\"5077658\" data-element_type=\"section\">\n\t\t\t\t\t\t<div class=\"elementor-container elementor-column-gap-default\">\n\t\t\t\t\t<div class=\"elementor-column elementor-col-100 elementor-top-column elementor-element elementor-element-a2681b2\" data-id=\"a2681b2\" data-element_type=\"column\">\n\t\t\t<div class=\"elementor-widget-wrap elementor-element-populated\">\n\t\t\t\t\t\t<div class=\"elementor-element elementor-element-742b7d0 elementor-widget elementor-widget-heading\" data-id=\"742b7d0\" data-element_type=\"widget\" data-widget_type=\"heading.default\">\n\t\t\t\t<div class=\"elementor-widget-container\">\n\t\t\t\t\t<h2 class=\"elementor-heading-title elementor-size-default\">Programmes d'\u00e9tudes en langues \u00e9trang\u00e8res<\/h2>\t\t\t\t<\/div>\n\t\t\t\t<\/div>\n\t\t\t\t<div class=\"elementor-element elementor-element-3ff51dd elementor-widget-divider--view-line elementor-widget elementor-widget-divider\" data-id=\"3ff51dd\" data-element_type=\"widget\" data-widget_type=\"divider.default\">\n\t\t\t\t<div class=\"elementor-widget-container\">\n\t\t\t\t\t\t\t<div class=\"elementor-divider\">\n\t\t\t<span class=\"elementor-divider-separator\">\n\t\t\t\t\t\t<\/span>\n\t\t<\/div>\n\t\t\t\t\t\t<\/div>\n\t\t\t\t<\/div>\n\t\t\t\t\t<\/div>\n\t\t<\/div>\n\t\t\t\t\t<\/div>\n\t\t<\/section>\n\t\t\t\t<section class=\"elementor-section elementor-top-section elementor-element elementor-element-931882e elementor-section-boxed elementor-section-height-default elementor-section-height-default\" data-id=\"931882e\" data-element_type=\"section\">\n\t\t\t\t\t\t<div class=\"elementor-container elementor-column-gap-default\">\n\t\t\t\t\t<div class=\"elementor-column elementor-col-100 elementor-top-column elementor-element elementor-element-605086a\" data-id=\"605086a\" data-element_type=\"column\">\n\t\t\t<div class=\"elementor-widget-wrap elementor-element-populated\">\n\t\t\t\t\t\t<div class=\"elementor-element elementor-element-7f8b911 elementor-widget elementor-widget-text-editor\" data-id=\"7f8b911\" data-element_type=\"widget\" data-widget_type=\"text-editor.default\">\n\t\t\t\t<div class=\"elementor-widget-container\">\n\t\t\t\t\t\t\t\t\t<p><strong>L&rsquo;Universit\u00e9 de l&rsquo;Ouest de Timi\u0219oara<\/strong> (UVT) est la principale institution d&rsquo;enseignement sup\u00e9rieur et le principal centre de recherche de l&rsquo;ouest de la Roumanie. L&rsquo;Universit\u00e9 de l&rsquo;Ouest de Timi\u0219oara compte <a href=\"https:\/\/www.uvt.ro\/ro\/educatie\/facultati\/\">11 facult\u00e9s<\/a> et un <a href=\"https:\/\/dppd.uvt.ro\/\">D\u00e9partement de Formation du Personnel Enseignant<\/a>, 85 programmes de licence, 120 programmes de master et 19 \u00c9coles Doctorales. Parmi ceux- ci, plus de 20 programmes d&rsquo;\u00e9tudes de licence, master et doctorat sont offerts enti\u00e8rement en anglais, fran\u00e7ais ou allemand. Les facult\u00e9s qui font partie de l&rsquo;Universit\u00e9 de l&rsquo;Ouest de Timi\u0219oara sont:<\/p><ul><li class=\"culoare_scris\"><a href=\"https:\/\/arte.uvt.ro\/\" target=\"_blank\" rel=\"noopener\">Facult\u00e9 des Arts et Design<\/a><\/li><\/ul><ul><li class=\"culoare_scris\"><a href=\"https:\/\/cbg.uvt.ro\/\" target=\"_blank\" rel=\"noopener\">Facult\u00e9 de Chimie, Biologie, G\u00e9ographie <\/a><\/li><\/ul><ul><li class=\"culoare_scris\"><a href=\"https:\/\/drept.uvt.ro\/\" target=\"_blank\" rel=\"noopener\">Facult\u00e9 de Droit<\/a><\/li><\/ul><ul><li class=\"culoare_scris\"><a href=\"https:\/\/feaa.uvt.ro\/ro\/\" target=\"_blank\" rel=\"noopener\">Facult\u00e9 d&rsquo;\u00c9conomie et d&rsquo;Administration des Affaires <\/a><\/li><\/ul><ul><li class=\"culoare_scris\"><a href=\"https:\/\/sport.uvt.ro\/\" target=\"_blank\" rel=\"noopener\">Facult\u00e9 d&rsquo;\u00c9ducation Physique et Sports<\/a><\/li><\/ul><ul><li class=\"culoare_scris\"><a href=\"https:\/\/physics.uvt.ro\/\" target=\"_blank\" rel=\"noopener\">Facult\u00e9 de Physique<\/a><\/li><\/ul><ul><li class=\"culoare_scris\"><a href=\"https:\/\/litere.uvt.ro\/\" target=\"_blank\" rel=\"noopener\">Facult\u00e9 des Lettres, Histoire et Th\u00e9ologie <\/a><\/li><\/ul><ul><li class=\"culoare_scris\"><a href=\"https:\/\/math.uvt.ro\/\" target=\"_blank\" rel=\"noopener\">Facult\u00e9 de Math\u00e9matiques et Informatique <\/a><\/li><\/ul><ul><li class=\"culoare_scris\"><a href=\"https:\/\/fmt.uvt.ro\/\" target=\"_blank\" rel=\"noopener\">Facult\u00e9 de Musique et Th\u00e9\u00e2tre<\/a><\/li><\/ul><ul><li class=\"culoare_scris\"><a href=\"https:\/\/fsp.uvt.ro\/\" target=\"_blank\" rel=\"noopener\">Facult\u00e9 de Sociologie et Psychologie<\/a><\/li><li class=\"culoare_scris\"><a href=\"https:\/\/pfc.uvt.ro\/\" target=\"_blank\" rel=\"noopener\">Facult\u00e9 des Sciences Politiques, Philosophie et Sciences de la Communicationi<\/a><\/li><\/ul><p>\u00a0<\/p><p>Etant une institution d&rsquo;enseignement sup\u00e9rieur, avec un pourcentage d&rsquo;environ 6% (environ 1000) d&rsquo;\u00e9tudiants internationaux sur un total de 14028 (Licence-10107, Master-3361, Doctorat-560), l&rsquo;Universit\u00e9 de l&rsquo;Ouest de Timi\u0219oara est intens\u00e9ment impliqu\u00e9 dans la cr\u00e9ation d&rsquo;un environnement exponentiel authentique, interdisciplinaire et international pour des groupes d&rsquo;\u00e9tudiants d\u00e9sireux d&rsquo;\u00eatre inscrits dans un programme d&rsquo;\u00e9tudes universitaires ou postuniversitaires. \u00c0 l&rsquo;heure actuelle, l&rsquo;Universit\u00e9 de Timisoara compte 642 enseignants et 405 cadres administratifs. Notre connexion avec l&rsquo;environnement de l&rsquo;\u00e9ducation pr\u00e9-universitaire en Roumanie, \u00e0 travers un bureau sp\u00e9cial concentr\u00e9 sur cet aspect, nous offre la possibilit\u00e9 de recruter et de r\u00e9pondre aux besoins des futurs \u00e9tudiants qui ont le plus besoin de nous. Notre programme d&rsquo;\u00e9tudes comprend \u00e9galement des cours en langues \u00e9trang\u00e8res, la possibilit\u00e9 de faire des stages et la participation aux cours transversaux, une initiative unique dont le but est d&rsquo;offrir aux \u00e9tudiants la possibilit\u00e9 de s\u00e9lectionner une sp\u00e9cialisation \u00ab\u00a0secondaire\u00a0\u00bb. Nous accueillons \u00e9galement de nombreux lecteurs internationaux et centres culturels (chinois, serbe, am\u00e9ricain-Fulbright, fran\u00e7ais, espagnol, italien, portugais, autrichien, etc.) et offrons la possibilit\u00e9 d&rsquo;une formation continue \u00e0 notre personnel acad\u00e9mique et non-acad\u00e9mique.<\/p><p>Avec environ 350 partenaires sous l&rsquo;\u00e9gide d&rsquo;Erasmus+ et une \u00e9chelle 1:1 pour les mobilit\u00e9s \u00abincoming-outgoing\u00bb pour les \u00e9tudes et le placement (entre 250-300 \u00e9tudiants incoming et 250-300 \u00e9tudiants outgoing, chaque ann\u00e9e), l&rsquo;Universit\u00e9 de l\u2019Ouest de Timi\u0219oara coordonne ou est partenaire de dizaines d&rsquo;autres projets Erasmus+ (Action cl\u00e9 2 &#8211; Partenariats Strat\u00e9giques, Jean Monnet, Sports), ainsi que de multiples projets de recherche nationaux et internationaux mis en \u0153uvre avec l&rsquo;aide de nos centres de recherche. La concentration rigoureuse exerc\u00e9e par l&rsquo;universit\u00e9 sur la qualit\u00e9 dans un monde de plus en plus comp\u00e9titif et mondialis\u00e9 du point de vue acad\u00e9mique, est reconnu dans les sommets internationaux du monde entier. Par exemple, dans Times Higher Education Emerging Economies University Rankings Top 201-250, en 2018, dans QS World University Rankings Top 701+, en 2015- 2016, dans QS Rankings by Subject Top 150-200, dans le domaine des langues modernes, en 2017 , ou dans Shanghai Ranking by Subject Top 301-400 dans le domaine de la Physique, en 2018.<\/p><p>De plus, la reconnaissance internationale de l&rsquo;Universit\u00e9 de l&rsquo;Ouest de Timi\u0219oara est due \u00e0 sa communaut\u00e9 alumni, un exemple notable dans cette cat\u00e9gorie \u00e9tant Herta M\u00fcller, laur\u00e9ate du Prix Nobel en litt\u00e9rature en 2009. Le dernier aspect mais pas le moindre, \u00e9tant donn\u00e9 que Timisoara deviendra la Capitale Culturelle de l&rsquo;Europe en 2021, l&rsquo;UVT \u00e9tant un partenaire important dans de nombreuses activit\u00e9s li\u00e9es \u00e0 cette initiative, nous croyons vraiment que la dimension socioculturelle d&rsquo;une Universit\u00e9 Europ\u00e9enne b\u00e9n\u00e9ficiera de notre contribution \u00e0 cet \u00e9gard.<\/p><p>Timisoara n&rsquo;est pas seulement une ville intens\u00e9ment connect\u00e9e au reste de l&rsquo;Europe, mais aussi la ville avec la vitesse Internet la plus \u00e9lev\u00e9e du monde. Si vous choisissez d&rsquo;\u00e9tudier \u00e0 Timisoara, vous pouvez b\u00e9n\u00e9ficier de nombreux aspects de diff\u00e9rentes mani\u00e8res. De plus, l&rsquo;universit\u00e9 a un partenariat avec une biblioth\u00e8que \u00e9quip\u00e9e et moderne, et le complexe \u00e9tudiant est situ\u00e9 en plein c\u0153ur de la ville et est \u00e9galement une attraction en soi, avec de nombreuses possibilit\u00e9s de travail et de loisirs.<\/p>\t\t\t\t\t\t\t\t<\/div>\n\t\t\t\t<\/div>\n\t\t\t\t\t<\/div>\n\t\t<\/div>\n\t\t\t\t\t<\/div>\n\t\t<\/section>\n\t\t\t\t<section class=\"elementor-section elementor-top-section elementor-element elementor-element-acd29a1 elementor-section-boxed elementor-section-height-default elementor-section-height-default\" data-id=\"acd29a1\" data-element_type=\"section\">\n\t\t\t\t\t\t<div class=\"elementor-container elementor-column-gap-default\">\n\t\t\t\t\t<div class=\"elementor-column elementor-col-100 elementor-top-column elementor-element elementor-element-01256af\" data-id=\"01256af\" data-element_type=\"column\">\n\t\t\t<div class=\"elementor-widget-wrap elementor-element-populated\">\n\t\t\t\t\t\t<div class=\"elementor-element elementor-element-1786657 elementor-widget elementor-widget-eael-adv-accordion\" data-id=\"1786657\" data-element_type=\"widget\" data-widget_type=\"eael-adv-accordion.default\">\n\t\t\t\t<div class=\"elementor-widget-container\">\n\t\t\t\t\t        <div class=\"eael-adv-accordion\" id=\"eael-adv-accordion-1786657\" data-scroll-on-click=\"no\" data-scroll-speed=\"300\" data-accordion-id=\"1786657\" data-accordion-type=\"accordion\" data-toogle-speed=\"300\">\n    <div class=\"eael-accordion-list\">\n                <div id=\"tudes-de-licence-3-annes\" class=\"elementor-tab-title eael-accordion-header\" tabindex=\"0\" data-tab=\"1\" aria-controls=\"elementor-tab-content-2461\"><span class=\"eael-accordion-tab-title\">\u00c9tudes de licence (3 ann\u00e9es)<\/span><i aria-hidden=\"true\" class=\"fa-toggle fas fa-angle-right\"><\/i><\/div><div id=\"elementor-tab-content-2461\" class=\"eael-accordion-content clearfix\" data-tab=\"1\" aria-labelledby=\"tudes-de-licence-3-annes\"><p><strong>Facult\u00e9 d&rsquo;\u00c9conomie et d&rsquo;Administration des Affaires<\/strong><\/p><ol><li>Comptabilit\u00e9 et Informatique de Gestion (allemand)<\/li><li>Management (fran\u00e7ais)<\/li><li>Finance et Banques (anglais)<\/li><\/ol><p><em>Pour plus d&rsquo;informations: <\/em><a href=\"http:\/\/www.feaa.uvt.ro\/\"><em>www.feaa.uvt.ro<\/em><\/a><\/p><p>\u00a0<\/p><p><strong>Facult\u00e9 de Math\u00e9matiques et Informatique<\/strong><\/p><ol><li>Informatique (anglais)<\/li><\/ol><p><em>Pour plus d&rsquo;informations: <\/em><a href=\"http:\/\/www.math.uvt.ro\/\"><em>www.math.uvt.ro<\/em><\/a><\/p><\/div>\n                <\/div><div class=\"eael-accordion-list\">\n                <div id=\"tudes-de-masterat-12-annes\" class=\"elementor-tab-title eael-accordion-header\" tabindex=\"0\" data-tab=\"2\" aria-controls=\"elementor-tab-content-2462\"><span class=\"eael-accordion-tab-title\">\u00c9tudes de masterat (1\/2 ann\u00e9es)<\/span><i aria-hidden=\"true\" class=\"fa-toggle fas fa-angle-right\"><\/i><\/div><div id=\"elementor-tab-content-2462\" class=\"eael-accordion-content clearfix\" data-tab=\"2\" aria-labelledby=\"tudes-de-masterat-12-annes\"><p><strong>Facult\u00e9 de Droit<\/strong><\/p><ol><li>Le droit de l&rsquo;Union Europ\u00e9enne (anglais)<\/li><\/ol><p><em>Pour plus d&rsquo;informations: <\/em><a href=\"http:\/\/www.drept.uvt.ro\/\"><em>www.drept.uvt.ro<\/em><\/a><\/p><p>\u00a0<\/p><p><strong>Facult\u00e9 d&rsquo;\u00c9conomie et d&rsquo;Administration des Affaires<\/strong><\/p><ol><li>Finance d&rsquo;Entreprise Internationale (anglais)<\/li><li>Management des Affaires en Contexte Europ\u00e9en (fran\u00e7ais)<\/li><li>Entrepreneuriat, \u00e9conomie et gestion \u00e0 l&rsquo;\u00e9chelle mondiale (anglais)<\/li><li>Gestion de l\u2019Organisation des Entreprises (anglais)<\/li><\/ol><ul><li><em>Le programme de master Gestion de l\u2019Organisation des Entreprises (en anglais), la forme d&rsquo;enseignement \u00e0 temps partiel est organis\u00e9 sous la forme de vid\u00e9oconf\u00e9rences.<\/em><\/li><li><em>\u00c0 la fin des 2 ann\u00e9es d&rsquo;\u00e9tudes, les \u00e9tudiants doivent \u00eatre pr\u00e9sents \u00e0 la Facult\u00e9 d&rsquo;\u00c9conomie et d&rsquo;Administration des Affaires, Universit\u00e9 de l&rsquo;Ouest de Timisoara, Roumanie, afin de soutenir la dissertation. Pour les \u00e9tudiants des pays tiers \u00e0 l&rsquo;UE, il sera n\u00e9cessaire d&rsquo;obtenir un visa aupr\u00e8s de l&rsquo;Ambassade de Roumanie dans le pays d&rsquo;origine, et la facult\u00e9 d\u00e9livrera un certificat attestant que les \u00e9tudiants doivent \u00eatre pr\u00e9sents pour soutenir la dissertation, afin de faciliter le processus d&rsquo;obtention du visa.<\/em><\/li><\/ul><p><em>Pour plus d&rsquo;informations: <\/em><a href=\"http:\/\/www.feaa.uvt.ro\/\"><em>www.feaa.uvt.ro<\/em><\/a><\/p><p>\u00a0<\/p><p><strong>Facult\u00e9 de Physique<\/strong><\/p><ol><li>Astrophysique, Particules \u00c9l\u00e9mentaires et Physique Computationnelle (anglais)<\/li><li>Physique et Technologie des Mat\u00e9riaux Avanc\u00e9s (anglais)<\/li><\/ol><p><em>Pour plus d&rsquo;informations: <\/em><a href=\"http:\/\/www.physics.uvt.ro\/\"><em>www.physics.uvt.ro<\/em><\/a><\/p><p>\u00a0<\/p><p><strong>Facult\u00e9 de Math\u00e9matiques et Informatique<\/strong><\/p><ol><li>Intelligence Artificielle et Informatique Distribu\u00e9e (anglais)<\/li><li>Big Data &#8211; Science des Donn\u00e9es, Analyse et Technologie (anglais)<\/li><\/ol><p><em>Pour plus d&rsquo;informations: <\/em><a href=\"http:\/\/www.math.uvt.ro\/\"><em>www.math.uvt.ro<\/em><\/a><\/p><p><em>\u00a0<\/em><\/p><p><strong>Facult\u00e9 des Sciences Politiques, Philosophie et Sciences de la Communication<\/strong><\/p><ol><li>Conseil et Consultation Philosophiques (anglais)<\/li><li>D\u00e9veloppement et Gestion des Affaires Internationales (anglais)<\/li><\/ol><p><em>Pour plus d&rsquo;informations: <\/em><a href=\"http:\/\/www.pfc.uvt.ro\/\"><em>www.pfc.uvt.ro<\/em><\/a><\/p><p>\u00a0<\/p><p><strong>Facult\u00e9 de Chimie, Biologie, G\u00e9ographie<\/strong><\/p><ol><li>Syst\u00e8mes d&rsquo;information g\u00e9ographique (anglais)<\/li><\/ol><p><em>Pour plus d&rsquo;informations: <\/em><a href=\"http:\/\/www.cbg.uvt.ro\"><em>www.cbg.uvt.ro<\/em><\/a><\/p><\/div>\n                <\/div><\/div>\t\t\t\t<\/div>\n\t\t\t\t<\/div>\n\t\t\t\t\t<\/div>\n\t\t<\/div>\n\t\t\t\t\t<\/div>\n\t\t<\/section>\n\t\t\t\t<section class=\"elementor-section elementor-top-section elementor-element elementor-element-0a6ee0c elementor-section-boxed elementor-section-height-default elementor-section-height-default\" data-id=\"0a6ee0c\" data-element_type=\"section\">\n\t\t\t\t\t\t<div class=\"elementor-container elementor-column-gap-default\">\n\t\t\t\t\t<div class=\"elementor-column elementor-col-100 elementor-top-column elementor-element elementor-element-1fd9c51\" data-id=\"1fd9c51\" data-element_type=\"column\">\n\t\t\t<div class=\"elementor-widget-wrap elementor-element-populated\">\n\t\t\t\t\t\t<div class=\"elementor-element elementor-element-c89e759 elementor-widget elementor-widget-text-editor\" data-id=\"c89e759\" data-element_type=\"widget\" data-widget_type=\"text-editor.default\">\n\t\t\t\t<div class=\"elementor-widget-container\">\n\t\t\t\t\t\t\t\t\t<p><a href=\"http:\/\/ri.uvt.ro\/wp-content\/uploads\/2023\/02\/Brosura-EN-2021-PRINT.pdf\">Brochure study programs in foreign languages<\/a><\/p>\t\t\t\t\t\t\t\t<\/div>\n\t\t\t\t<\/div>\n\t\t\t\t<div class=\"elementor-element elementor-element-3506e84 elementor-widget elementor-widget-text-editor\" data-id=\"3506e84\" data-element_type=\"widget\" data-widget_type=\"text-editor.default\">\n\t\t\t\t<div class=\"elementor-widget-container\">\n\t\t\t\t\t\t\t\t\t<div class=\"main-section\"><div class=\"container\"><div class=\"row\"><div class=\"page-content\"><section class=\"page-section \"><div class=\"container\"><div class=\"row\"><div class=\"section-fullwidth\"><div class=\"element-size-100\"><div class=\" col-md-12\"><div class=\"heading-description\"><p>Pour les \u00e9tudes doctorales, veuillez acc\u00e9der \u00e0 la page du <a href=\"http:\/\/doctorat.uvt.ro\/\">Conseil pour les \u00c9tudes Doctorales.<\/a><\/p><\/div><\/div><\/div><\/div><\/div><\/div><\/section><\/div><\/div><\/div><\/div>\t\t\t\t\t\t\t\t<\/div>\n\t\t\t\t<\/div>\n\t\t\t\t\t<\/div>\n\t\t<\/div>\n\t\t\t\t\t<\/div>\n\t\t<\/section>\n\t\t\t\t<\/div>\n\t\t","protected":false},"excerpt":{"rendered":"<p>Programmes d&rsquo;\u00e9tudes en langues \u00e9trang\u00e8res L&rsquo;Universit\u00e9 de l&rsquo;Ouest de Timi\u0219oara (UVT) est la principale institution d&rsquo;enseignement sup\u00e9rieur et le principal centre de recherche de l&rsquo;ouest de la Roumanie. L&rsquo;Universit\u00e9 de l&rsquo;Ouest de Timi\u0219oara compte 11 facult\u00e9s et un D\u00e9partement de Formation du Personnel Enseignant, 85 programmes de licence, 120 programmes de master et 19 \u00c9coles [&hellip;]<\/p>\n","protected":false},"author":1,"featured_media":0,"parent":0,"menu_order":0,"comment_status":"closed","ping_status":"closed","template":"","meta":{"footnotes":""},"class_list":["post-3423","page","type-page","status-publish","hentry"],"_links":{"self":[{"href":"http:\/\/ri.uvt.ro\/fr\/wp-json\/wp\/v2\/pages\/3423","targetHints":{"allow":["GET"]}}],"collection":[{"href":"http:\/\/ri.uvt.ro\/fr\/wp-json\/wp\/v2\/pages"}],"about":[{"href":"http:\/\/ri.uvt.ro\/fr\/wp-json\/wp\/v2\/types\/page"}],"author":[{"embeddable":true,"href":"http:\/\/ri.uvt.ro\/fr\/wp-json\/wp\/v2\/users\/1"}],"replies":[{"embeddable":true,"href":"http:\/\/ri.uvt.ro\/fr\/wp-json\/wp\/v2\/comments?post=3423"}],"version-history":[{"count":13,"href":"http:\/\/ri.uvt.ro\/fr\/wp-json\/wp\/v2\/pages\/3423\/revisions"}],"predecessor-version":[{"id":8518,"href":"http:\/\/ri.uvt.ro\/fr\/wp-json\/wp\/v2\/pages\/3423\/revisions\/8518"}],"wp:attachment":[{"href":"http:\/\/ri.uvt.ro\/fr\/wp-json\/wp\/v2\/media?parent=3423"}],"curies":[{"name":"wp","href":"https:\/\/api.w.org\/{rel}","templated":true}]}}