{"id":3097,"date":"2022-02-21T13:34:44","date_gmt":"2022-02-21T11:34:44","guid":{"rendered":"http:\/\/ri.uvt.ro\/free-movers\/"},"modified":"2023-02-22T13:07:14","modified_gmt":"2023-02-22T11:07:14","slug":"free-movers","status":"publish","type":"page","link":"http:\/\/ri.uvt.ro\/fr\/free-movers\/","title":{"rendered":"Free-movers"},"content":{"rendered":"\t\t<div data-elementor-type=\"wp-page\" data-elementor-id=\"3097\" class=\"elementor elementor-3097 elementor-75\" data-elementor-post-type=\"page\">\n\t\t\t\t\t\t<section class=\"elementor-section elementor-top-section elementor-element elementor-element-6241d6e elementor-section-boxed elementor-section-height-default elementor-section-height-default\" data-id=\"6241d6e\" data-element_type=\"section\">\n\t\t\t\t\t\t<div class=\"elementor-container elementor-column-gap-default\">\n\t\t\t\t\t<div class=\"elementor-column elementor-col-100 elementor-top-column elementor-element elementor-element-a5826fc\" data-id=\"a5826fc\" data-element_type=\"column\">\n\t\t\t<div class=\"elementor-widget-wrap elementor-element-populated\">\n\t\t\t\t\t\t<div class=\"elementor-element elementor-element-77fe316 elementor-widget elementor-widget-heading\" data-id=\"77fe316\" data-element_type=\"widget\" data-widget_type=\"heading.default\">\n\t\t\t\t<div class=\"elementor-widget-container\">\n\t\t\t\t\t<h2 class=\"elementor-heading-title elementor-size-default\">Free movers<\/h2>\t\t\t\t<\/div>\n\t\t\t\t<\/div>\n\t\t\t\t<div class=\"elementor-element elementor-element-7fbaa35 elementor-widget-divider--view-line elementor-widget elementor-widget-divider\" data-id=\"7fbaa35\" data-element_type=\"widget\" data-widget_type=\"divider.default\">\n\t\t\t\t<div class=\"elementor-widget-container\">\n\t\t\t\t\t\t\t<div class=\"elementor-divider\">\n\t\t\t<span class=\"elementor-divider-separator\">\n\t\t\t\t\t\t<\/span>\n\t\t<\/div>\n\t\t\t\t\t\t<\/div>\n\t\t\t\t<\/div>\n\t\t\t\t\t<\/div>\n\t\t<\/div>\n\t\t\t\t\t<\/div>\n\t\t<\/section>\n\t\t\t\t<section class=\"elementor-section elementor-top-section elementor-element elementor-element-96a4c70 elementor-section-boxed elementor-section-height-default elementor-section-height-default\" data-id=\"96a4c70\" data-element_type=\"section\">\n\t\t\t\t\t\t<div class=\"elementor-container elementor-column-gap-default\">\n\t\t\t\t\t<div class=\"elementor-column elementor-col-100 elementor-top-column elementor-element elementor-element-d30a6ba\" data-id=\"d30a6ba\" data-element_type=\"column\">\n\t\t\t<div class=\"elementor-widget-wrap elementor-element-populated\">\n\t\t\t\t\t\t<div class=\"elementor-element elementor-element-ae6125d elementor-widget elementor-widget-text-editor\" data-id=\"ae6125d\" data-element_type=\"widget\" data-widget_type=\"text-editor.default\">\n\t\t\t\t<div class=\"elementor-widget-container\">\n\t\t\t\t\t\t\t\t\t<p>Un Free-Mover est un \u00e9tudiant inscrit dans une universit\u00e9 \u00e9trang\u00e8re ou un citoyen \u00e9tranger qui a obtenu un dipl\u00f4me de baccalaur\u00e9at ou de licence et qui souhaite participer \u00e0 un ou plusieurs cours offerts par l&rsquo;Universit\u00e9 de l&rsquo;Ouest de Timisoara, pour une p\u00e9riode \u00e9quivalente \u00e0 un<\/p><p>semestre ou une ann\u00e9e universitaire, sans b\u00e9n\u00e9ficier des r\u00e8gles des accords bilat\u00e9raux sign\u00e9s entre l&rsquo;universit\u00e9 et les institutions d&rsquo;enseignement sup\u00e9rieur \u00e9trang\u00e8res et sans possibilit\u00e9 d&rsquo;obtenir un dipl\u00f4me d\u2019\u00e9tudes.<\/p><p><strong>Proc\u00e9dure d&rsquo;inscription<\/strong><strong>:<\/strong><\/p><p>L&rsquo;Universit\u00e9 de l&rsquo;Ouest de Timisoara accepte les free-movers de l&rsquo;UE et des pays tiers \u00e0 l&rsquo;UE pour un semestre ou un an avec le consentement de l&rsquo;universit\u00e9 d&rsquo;origine et du Doyen de la facult\u00e9 pour laquelle il\/elle souhaite postuler.<\/p><p>Jusqu&rsquo;\u00e0 la r\u00e9ception des informations compl\u00e8tes, le candidat recevra une r\u00e9ponse du D\u00e9partement des Relations Internationales de l&rsquo;Universit\u00e9 de l&rsquo;Ouest de Timi\u0219oara dans un d\u00e9lai de 30 jours. En cas d&rsquo;acceptation, UVT d\u00e9livrera une Lettre d&rsquo;Acceptation au candidat.<\/p><p><strong>D\u00e9lais de d\u00e9p\u00f4t de candidatures:<\/strong><\/p><ul><li>30 ao\u00fbt: pour le premier semestre \/ automne de la prochaine ann\u00e9e universitaire (l&rsquo;ann\u00e9e universitaire \u00e0 l&rsquo;UVT commence g\u00e9n\u00e9ralement le 1er octobre) ;<\/li><li>30 janvier: pour le deuxi\u00e8me semestre \/ printemps (le deuxi\u00e8me semestre \u00e0 l&rsquo;UVT d\u00e9bute g\u00e9n\u00e9ralement \u00e0 la fin du f\u00e9vrier) ;<\/li><li>Pour les candidats qui souhaitent suivre un ou plusieurs cours sans cumuler 30 cr\u00e9dits ECTS, les m\u00eames r\u00e8gles s&rsquo;appliquent.<\/li><\/ul><p>\u00a0<\/p><p><strong>Documents n\u00e9cessaires:<\/strong><\/p><ol><li><a href=\"http:\/\/ri.uvt.ro\/wp-content\/uploads\/2022\/03\/WUT-Free-mover-Application-form.pdf\" target=\"_blank\" rel=\"noopener\">Formulaire de candidature<\/a>;<\/li><li>Copie et traduction l\u00e9galis\u00e9e du <strong>dipl\u00f4me de baccalaur\u00e9at ou de licence <\/strong>(pour ceux qui souhaitent s&rsquo;inscrire aux cours de master);<\/li><li><strong>Rel\u00e8ves de notes <\/strong>de l&rsquo;institution d&rsquo;origine o\u00f9 les \u00e9tudes pr\u00e9c\u00e9dentes ont \u00e9t\u00e9 effectu\u00e9es;<\/li><li><strong>Lettre de nomination <\/strong>de l&rsquo;institution d&rsquo;origine;<\/li><li><strong>Copie simple de la carte d&rsquo;identit\u00e9 <\/strong>(C.I ou passeport);<\/li><li><strong>Certificat m\u00e9dical.<\/strong><p>\u00a0<\/p><\/li><\/ol><p>* Nous acceptons les documents en roumain, anglais et fran\u00e7ais. Si les documents ne sont pas dans l&rsquo;une de ces langues, une traduction certifi\u00e9e est requise dans l&rsquo;une des langues d\u00e9j\u00e0 mentionn\u00e9es.<\/p><p>Les documents de candidature peuvent \u00eatre envoy\u00e9s au D\u00e9partement des Relations<\/p><p>Internationales de l&rsquo;Universit\u00e9 de l&rsquo;Ouest de Timisoara par e-mail \u00e0 <a href=\"mailto:international@e-uvt.ro\"><strong><u>international@e-uvt.ro <\/u><\/strong><\/a>ou par courrier \u00e0 l&rsquo;adresse postale suivante:<\/p><p><strong>Universit\u00e9 de l&rsquo;Ouest de Timisoara D\u00e9partement des Relations Internationales<\/strong><\/p><p><strong>Adresse: Bv. Vasile Parvan, n\u00b0 4, Timisoara, code: 300223 Salle 155B<\/strong><\/p><p>T\u00e9l\u00e9phone: +40 256 592227<\/p><p>Une fois la Lettre d&rsquo;Acceptation \u00e9mise par l&rsquo;UVT et envoy\u00e9e \u00e0 l&rsquo;\u00e9tudiant, celui-ci devra remplir un Learning Agreement qui sera ensuite sign\u00e9 par l\u2019institution d&rsquo;origine et l\u2019institution d&rsquo;accueil (en utilisant le type de Learning Agreement du Erasmus+, par exemple).<\/p><p>Chaque \u00e9tudiant sera inscrit dans la facult\u00e9 pour laquelle il a opte sur la base de la lettre officielle d\u00e9livr\u00e9e par le D\u00e9partement des Relations Internationales, qui sera sign\u00e9e par le Vice-recteur des Relations Internationales de l&rsquo;UVT.<\/p><p>Les \u00e9tudiants free-movers peuvent demander un logement dans l&rsquo;un des dortoirs universitaires en fonction de la disponibilit\u00e9 des chambres et uniquement apr\u00e8s avoir termin\u00e9 le processus de candidature.<\/p><p>En cas de prolongation, les m\u00eames proc\u00e9dures doivent \u00eatre suivies et le <a href=\"https:\/\/ri.uvt.ro\/free-movers-2\/?lang=en\">Formulaire de Prolongation d&rsquo;\u00c9tudes<\/a> comme free-mover doit \u00eatre rempli.<\/p><p><strong>Contact: Margareta BOICU (e-mail: <a href=\"mailto:anca.ionascuti@e-uvt.ro\">margareta.boicu @e-uvt.ro,<\/a> Telefon: <\/strong><strong>+40256592227)<\/strong><\/p><p><br \/>2. Copie et traduction certifi\u00e9e conforme du dipl\u00f4me d&rsquo;\u00e9tudes secondaires ou du baccalaur\u00e9at (pour ceux qui souhaitent postuler \u00e0 une ma\u00eetrise)<br \/>3. Fiches d&rsquo;inscription de l&rsquo;institution d&rsquo;origine o\u00f9 les \u00e9tudes pr\u00e9c\u00e9dentes ont \u00e9t\u00e9 effectu\u00e9es<br \/>4. Lettre de nomination de l&rsquo;institution d&rsquo;origine<br \/>5. Copie simple de la carte d&rsquo;identit\u00e9 (carte d&rsquo;identit\u00e9 ou passeport)<br \/>6. <strong>Certificat m\u00e9dical<\/strong><br \/>* Nous acceptons les documents en roumain, anglais et fran\u00e7ais. Si les documents ne sont pas dans l&rsquo;une de ces langues, une traduction certifi\u00e9e est requise dans l&rsquo;une des langues d\u00e9j\u00e0 indiqu\u00e9es.<\/p><p>Les documents de candidature peuvent \u00eatre envoy\u00e9s au D\u00e9partement des relations internationales de l&rsquo;Universit\u00e9 de l&rsquo;Ouest de Timi\u0219oara par e-mail \u00e0 international@e-uvt.ro ou par courrier ordinaire \u00e0 l&rsquo;adresse postale suivante:<\/p><p><strong>Universit\u00e9 de l&rsquo;Ouest de Timi\u015foara<\/strong><br \/><strong>D\u00e9partement des relations internationales<\/strong><br \/><strong>Adresse : Bv. Vasile Parvan, n\u00b0 4, Timi\u0219oara, code : 300 223 <\/strong><strong>Salle 155B<\/strong><br \/><strong>T\u00e9l\u00e9phone : 004 &#8211; 0256 &#8211; 592.227<\/strong><\/p>\t\t\t\t\t\t\t\t<\/div>\n\t\t\t\t<\/div>\n\t\t\t\t\t<\/div>\n\t\t<\/div>\n\t\t\t\t\t<\/div>\n\t\t<\/section>\n\t\t\t\t<section class=\"elementor-section elementor-top-section elementor-element elementor-element-132bc49 elementor-section-boxed elementor-section-height-default elementor-section-height-default\" data-id=\"132bc49\" data-element_type=\"section\">\n\t\t\t\t\t\t<div class=\"elementor-container elementor-column-gap-default\">\n\t\t\t\t\t<div class=\"elementor-column elementor-col-100 elementor-top-column elementor-element elementor-element-15a7461\" data-id=\"15a7461\" data-element_type=\"column\">\n\t\t\t<div class=\"elementor-widget-wrap elementor-element-populated\">\n\t\t\t\t\t\t<div class=\"elementor-element elementor-element-662d52c elementor-widget elementor-widget-text-editor\" data-id=\"662d52c\" data-element_type=\"widget\" data-widget_type=\"text-editor.default\">\n\t\t\t\t<div class=\"elementor-widget-container\">\n\t\t\t\t\t\t\t\t\t<p><strong>Contact: Margareta BOICU (e-mail: margareta.boicu@e-uvt.ro, t\u00e9l\u00e9phoner: +40256592352)<\/strong><\/p>\t\t\t\t\t\t\t\t<\/div>\n\t\t\t\t<\/div>\n\t\t\t\t\t<\/div>\n\t\t<\/div>\n\t\t\t\t\t<\/div>\n\t\t<\/section>\n\t\t\t\t<\/div>\n\t\t","protected":false},"excerpt":{"rendered":"<p>Free movers Un Free-Mover est un \u00e9tudiant inscrit dans une universit\u00e9 \u00e9trang\u00e8re ou un citoyen \u00e9tranger qui a obtenu un dipl\u00f4me de baccalaur\u00e9at ou de licence et qui souhaite participer \u00e0 un ou plusieurs cours offerts par l&rsquo;Universit\u00e9 de l&rsquo;Ouest de Timisoara, pour une p\u00e9riode \u00e9quivalente \u00e0 un semestre ou une ann\u00e9e universitaire, sans b\u00e9n\u00e9ficier [&hellip;]<\/p>\n","protected":false},"author":1,"featured_media":0,"parent":0,"menu_order":0,"comment_status":"closed","ping_status":"closed","template":"","meta":{"footnotes":""},"class_list":["post-3097","page","type-page","status-publish","hentry"],"_links":{"self":[{"href":"http:\/\/ri.uvt.ro\/fr\/wp-json\/wp\/v2\/pages\/3097","targetHints":{"allow":["GET"]}}],"collection":[{"href":"http:\/\/ri.uvt.ro\/fr\/wp-json\/wp\/v2\/pages"}],"about":[{"href":"http:\/\/ri.uvt.ro\/fr\/wp-json\/wp\/v2\/types\/page"}],"author":[{"embeddable":true,"href":"http:\/\/ri.uvt.ro\/fr\/wp-json\/wp\/v2\/users\/1"}],"replies":[{"embeddable":true,"href":"http:\/\/ri.uvt.ro\/fr\/wp-json\/wp\/v2\/comments?post=3097"}],"version-history":[{"count":10,"href":"http:\/\/ri.uvt.ro\/fr\/wp-json\/wp\/v2\/pages\/3097\/revisions"}],"predecessor-version":[{"id":8029,"href":"http:\/\/ri.uvt.ro\/fr\/wp-json\/wp\/v2\/pages\/3097\/revisions\/8029"}],"wp:attachment":[{"href":"http:\/\/ri.uvt.ro\/fr\/wp-json\/wp\/v2\/media?parent=3097"}],"curies":[{"name":"wp","href":"https:\/\/api.w.org\/{rel}","templated":true}]}}